{"id":357,"date":"2019-04-15T09:17:52","date_gmt":"2019-04-15T09:17:52","guid":{"rendered":"https:\/\/alselfood.com\/?page_id=357"},"modified":"2025-07-17T13:20:01","modified_gmt":"2025-07-17T13:20:01","slug":"rreth-nesh","status":"publish","type":"page","link":"https:\/\/alselfood.com\/index.php\/rreth-nesh\/","title":{"rendered":"RRETH NESH"},"content":{"rendered":"<div class=\"wpb-content-wrapper\"><p>[vc_row css=&#8221;.vc_custom_1555317756710{margin-top: -40px !important;}&#8221;][vc_column width=&#8221;1\/2&#8243;]<div id=\"ult-carousel-256965689169deb22f92e74\" class=\"ult-carousel-wrapper   ult_horizontal\" data-gutter=\"15\" data-rtl=\"false\" ><div class=\"ult-carousel-61234450169deb22f92d78 \" >[vc_single_image image=&#8221;1219&#8243; img_size=&#8221;full&#8221;][vc_single_image image=&#8221;1222&#8243; img_size=&#8221;full&#8221;][vc_single_image image=&#8221;1226&#8243; img_size=&#8221;full&#8221;][vc_single_image image=&#8221;1229&#8243; img_size=&#8221;full&#8221;][vc_single_image image=&#8221;1231&#8243; img_size=&#8221;full&#8221;][vc_single_image image=&#8221;1234&#8243; img_size=&#8221;full&#8221;][vc_single_image image=&#8221;1237&#8243; img_size=&#8221;full&#8221;][vc_single_image image=&#8221;1240&#8243; img_size=&#8221;full&#8221;][vc_single_image image=&#8221;1243&#8243; img_size=&#8221;full&#8221;]<\/div><\/div>\t\t\t<script type=\"text\/javascript\">\n\t\t\t\tjQuery(document).ready(function ($) {\n\t\t\t\t\tif( typeof jQuery('.ult-carousel-61234450169deb22f92d78').slick == \"function\"){\n\t\t\t\t\t\t$('.ult-carousel-61234450169deb22f92d78').slick({dots: true,autoplay: true,autoplaySpeed: \"5000\",speed: \"300\",infinite: true,arrows: false,slidesToScroll:1,slidesToShow:1,swipe: true,draggable: true,touchMove: true,pauseOnHover: true,pauseOnFocus: false,responsive: [\n\t\t\t\t\t\t\t{\n\t\t\t\t\t\t\t  breakpoint: 1026,\n\t\t\t\t\t\t\t  settings: {\n\t\t\t\t\t\t\t\tslidesToShow: 1,\n\t\t\t\t\t\t\t\tslidesToScroll: 1,  \n\t\t\t\t\t\t\t  }\n\t\t\t\t\t\t\t},\n\t\t\t\t\t\t\t{\n\t\t\t\t\t\t\t  breakpoint: 1025,\n\t\t\t\t\t\t\t  settings: {\n\t\t\t\t\t\t\t\tslidesToShow: 1,\n\t\t\t\t\t\t\t\tslidesToScroll: 1\n\t\t\t\t\t\t\t  }\n\t\t\t\t\t\t\t},\n\t\t\t\t\t\t\t{\n\t\t\t\t\t\t\t  breakpoint: 760,\n\t\t\t\t\t\t\t  settings: {\n\t\t\t\t\t\t\t\tslidesToShow: 1,\n\t\t\t\t\t\t\t\tslidesToScroll: 1\n\t\t\t\t\t\t\t  }\n\t\t\t\t\t\t\t}\n\t\t\t\t\t\t],pauseOnDotsHover: true,customPaging: function(slider, i) {\n                   return '<i type=\"button\" style= \"color:#333333;\" class=\"ultsl-checkbox-unchecked\" data-role=\"none\"><\/i>';\n                },});\n\t\t\t\t\t}\n\t\t\t\t});\n\t\t\t<\/script>\n\t\t\t[\/vc_column][vc_column width=&#8221;1\/2&#8243;][vc_empty_space height=&#8221;46px&#8221;][vc_custom_heading text=&#8221;Rreth Alsel&#8221; google_fonts=&#8221;font_family:Montserrat%3Aregular%2C700|font_style:700%20bold%20regular%3A700%3Anormal&#8221;][vc_empty_space height=&#8221;12px&#8221;][vc_column_text]<\/p>\n<p style=\"text-align: justify; font-size: 20px;\">Prej vitit 2007 kemi sjelle per konsumatorin produkte ushqimore cilesore dhe te sigurta.Jemi krenare qe tregtojme Brande te mirenjohura ne bote si McCain ,Nestle ice Cream,Henz etj.Gjithashtu\u00a0jemi krenare qe kemi tregtuar produkte vendase duke mbeshtetur prodhimin vendor. Misioni i kompanise eshte: Te punojme me integritet dhe pergjegjshmeri duke tregtuar produkte cilesore, per te garantuar nje jete me cilesore per punonjesit, partneret dhe klientet tane. Vizioni i kompanise eshte te eksportoje produkte kryesisht te fushes se agroindrustrise Made in Albania ne Bote . Aktiviteti kryesor i kompanise eshte ruajtje, paketim dhe tregetim i produkteve ushqimore frigoriferike. Produktet e kompanise vijne nga furnitore te huaj dhe vendas. Ato ruhen ne kushte frigoriferike dhe shperndahen nepermjet mjeteve frigoriferike ne gjithe Shqiperine.<\/p>\n<p>[\/vc_column_text][vc_btn title=&#8221;PRODUKTE&#8221; style=&#8221;custom&#8221; custom_background=&#8221;#2556A2&#8243; custom_text=&#8221;#ffffff&#8221; shape=&#8221;square&#8221; align=&#8221;left&#8221; css=&#8221;&#8221; link=&#8221;url:https%3A%2F%2Falselfood.com%2Findex.php%2Fprodukte%2F|||&#8221;][\/vc_column][\/vc_row][vc_row gap=&#8221;30&#8243;][vc_column width=&#8221;1\/3&#8243; css=&#8221;.vc_custom_1752758333629{border-top-width: 2px !important;border-right-width: 2px !important;border-bottom-width: 2px !important;border-left-width: 2px !important;background-color: #fcfcfc !important;background-position: 0 0 !important;background-repeat: no-repeat !important;border-left-style: solid !important;border-right-style: solid !important;border-top-style: solid !important;border-bottom-style: solid !important;border-color: #2556A2 !important;}&#8221;][vc_empty_space][vc_custom_heading text=&#8221;Kliente&#8221; font_container=&#8221;tag:h2|font_size:25|text_align:center|color:%232556A2&#8243; google_fonts=&#8221;font_family:Montserrat%3Aregular%2C700|font_style:400%20regular%3A400%3Anormal&#8221; css=&#8221;&#8221;][vc_empty_space][vc_column_text]<\/p>\n<p style=\"text-align: center;\">Kompania ka rreth 1200 kliente ne Shqiperi si ne tregun Horeca me paketime profesionale per: hotele, restorante, piceri, katering, fastfood, bare etj si edhe ne tregun retail ne\u00a0 markete dhe supermarkete.<\/p>\n<p>[\/vc_column_text][vc_single_image image=&#8221;396&#8243; img_size=&#8221;full&#8221; alignment=&#8221;center&#8221; css_animation=&#8221;bounceIn&#8221; css=&#8221;.vc_custom_1555319610325{margin-top: -100px !important;margin-bottom: -4px !important;}&#8221; image_hovers=&#8221;false&#8221;][\/vc_column][vc_column width=&#8221;1\/3&#8243; css=&#8221;.vc_custom_1752758349068{border-top-width: 2px !important;border-right-width: 2px !important;border-bottom-width: 2px !important;border-left-width: 2px !important;background-color: #fcfcfc !important;border-left-style: solid !important;border-right-style: solid !important;border-top-style: solid !important;border-bottom-style: solid !important;border-color: #2556A2 !important;}&#8221;][vc_empty_space][vc_custom_heading text=&#8221;Certifikime&#8221; font_container=&#8221;tag:h2|font_size:25|text_align:center|color:%232556A2&#8243; google_fonts=&#8221;font_family:Montserrat%3Aregular%2C700|font_style:400%20regular%3A400%3Anormal&#8221; css=&#8221;&#8221;][vc_empty_space][vc_column_text]<\/p>\n<p style=\"text-align: center;\">Kompania eshte e certifikuar dhe operon sipas sistemit te manaxhimit dhe autokontrollit UNI10854:1999 per te sjelle tek klientet produkte te sigurta dhe te certifikuara.<\/p>\n<p>[\/vc_column_text][vc_single_image image=&#8221;402&#8243; img_size=&#8221;full&#8221; alignment=&#8221;center&#8221; css_animation=&#8221;bounceIn&#8221; css=&#8221;.vc_custom_1555319705676{margin-top: -100px !important;margin-bottom: -4px !important;}&#8221; image_hovers=&#8221;false&#8221;][\/vc_column][vc_column width=&#8221;1\/3&#8243; css=&#8221;.vc_custom_1752758363501{border-top-width: 2px !important;border-right-width: 2px !important;border-bottom-width: 2px !important;border-left-width: 2px !important;background-color: #fcfcfc !important;border-left-style: solid !important;border-right-style: solid !important;border-top-style: solid !important;border-bottom-style: solid !important;border-color: #2556A2 !important;}&#8221;][vc_empty_space][vc_custom_heading text=&#8221;Produkte&#8221; font_container=&#8221;tag:h2|font_size:25|text_align:center|color:%232556A2&#8243; google_fonts=&#8221;font_family:Montserrat%3Aregular%2C700|font_style:400%20regular%3A400%3Anormal&#8221; css=&#8221;&#8221;][vc_empty_space][vc_column_text]<\/p>\n<p style=\"text-align: center;\">Kompania tregton rreth 400 produkte qe ndahen ne dy kategori kryesore : te fresketa si salca, djathra, majoneze, ketchup dhe te ngrira si akullore, patate, perime.<\/p>\n<p>[\/vc_column_text][vc_single_image image=&#8221;404&#8243; img_size=&#8221;full&#8221; alignment=&#8221;center&#8221; css_animation=&#8221;bounceIn&#8221; css=&#8221;.vc_custom_1555319845465{margin-top: -100px !important;margin-bottom: -4px !important;}&#8221; image_hovers=&#8221;false&#8221;][\/vc_column][\/vc_row][vc_row][vc_column][vc_empty_space][\/vc_column][\/vc_row][vc_row bg_type=&#8221;bg_color&#8221; bg_override=&#8221;ex-full&#8221; css=&#8221;.vc_custom_1752758398783{margin-bottom: -70px !important;}&#8221; bg_color_value=&#8221;#2556A2&#8243;][vc_column width=&#8221;2\/3&#8243; offset=&#8221;vc_hidden-sm vc_hidden-xs&#8221;][vc_empty_space][vc_custom_heading text=&#8221;N\u00ebse D\u00ebshironi t\u00eb Bashk\u00ebpunoni Me Ne , Na Kontaktoni&#8221; font_container=&#8221;tag:h2|font_size:27|text_align:left|color:%23ffffff&#8221; google_fonts=&#8221;font_family:Montserrat%3Aregular%2C700|font_style:400%20regular%3A400%3Anormal&#8221;][vc_column_text]<\/p>\n<p style=\"font-family: Montserrat, serif; text-align: left;\"><span style=\"color: #ffffff; font-size: 17px;\">N\u00ebse k\u00ebrkoni nj\u00eb furnizues t\u00eb besuesh\u00ebm dhe cil\u00ebsor, zgjidhni Alsel Food.<\/span><\/p>\n<p>[\/vc_column_text][vc_empty_space][\/vc_column][vc_column width=&#8221;1\/3&#8243; offset=&#8221;vc_hidden-sm vc_hidden-xs&#8221;][vc_empty_space height=&#8221;42px&#8221;][vc_btn title=&#8221;KONTAKT&#8221; style=&#8221;outline-custom&#8221; outline_custom_color=&#8221;#ffffff&#8221; outline_custom_hover_background=&#8221;#ffffff&#8221; outline_custom_hover_text=&#8221;#ffffff&#8221; shape=&#8221;square&#8221; align=&#8221;center&#8221; link=&#8221;url:https%3A%2F%2Falselfood.com%2Findex.php%2Fkontakt%2F|||&#8221;][vc_empty_space][\/vc_column][\/vc_row][vc_row][vc_column offset=&#8221;vc_hidden-lg vc_hidden-md&#8221;][vc_empty_space][\/vc_column][\/vc_row][vc_row bg_type=&#8221;image&#8221; parallax_style=&#8221;vcpb-default&#8221; bg_image_new=&#8221;id^72|url^https:\/\/alselfood.com\/wp-content\/uploads\/2019\/04\/action.jpg|caption^null|alt^null|title^null|description^null&#8221; bg_image_repeat=&#8221;no-repeat&#8221; bg_override=&#8221;ex-full&#8221; css=&#8221;.vc_custom_1554125688373{margin-bottom: -70px !important;}&#8221;][vc_column offset=&#8221;vc_hidden-lg vc_hidden-md&#8221;][vc_empty_space][vc_custom_heading text=&#8221;N\u00ebse D\u00ebshironi t\u00eb Bashk\u00ebpunoni Me Ne , Na Kontaktoni&#8221; font_container=&#8221;tag:h2|font_size:27|text_align:left|color:%23ffffff&#8221; google_fonts=&#8221;font_family:Montserrat%3Aregular%2C700|font_style:400%20regular%3A400%3Anormal&#8221;][vc_column_text]<\/p>\n<p style=\"font-family: Montserrat, serif; text-align: left;\"><span style=\"color: #ffffff; font-size: 17px;\">N\u00ebse k\u00ebrkoni nj\u00eb furnizues t\u00eb besuesh\u00ebm dhe cil\u00ebsor, zgjidhni Alsel Food.<\/span><\/p>\n<p>[\/vc_column_text][vc_btn title=&#8221;KONTAKT&#8221; style=&#8221;outline-custom&#8221; outline_custom_color=&#8221;#ffffff&#8221; outline_custom_hover_background=&#8221;#ffffff&#8221; outline_custom_hover_text=&#8221;#ffffff&#8221; shape=&#8221;square&#8221; align=&#8221;center&#8221; link=&#8221;url:https%3A%2F%2Falselfood.com%2Findex.php%2Fkontakt%2F|||&#8221;][vc_empty_space][\/vc_column][\/vc_row]<\/p>\n<\/div>","protected":false},"excerpt":{"rendered":"<p>[vc_row css=&#8221;.vc_custom_1555317756710{margin-top: -40px !important;}&#8221;][vc_column width=&#8221;1\/2&#8243;][\/vc_column][vc_column width=&#8221;1\/2&#8243;][vc_empty_space height=&#8221;46px&#8221;][vc_custom_heading text=&#8221;Rreth Alsel&#8221; google_fonts=&#8221;font_family:Montserrat%3Aregular%2C700|font_style:700%20bold%20regular%3A700%3Anormal&#8221;][vc_empty_space height=&#8221;12px&#8221;][vc_column_text] Prej vitit 2007 kemi sjelle per konsumatorin produkte ushqimore cilesore dhe te sigurta.Jemi krenare qe tregtojme Brande te mirenjohura ne bote si McCain ,Nestle ice Cream,Henz etj.Gjithashtu\u00a0jemi krenare qe kemi tregtuar produkte vendase duke mbeshtetur prodhimin vendor. Misioni i kompanise eshte: Te punojme me&hellip;<\/p>\n","protected":false},"author":2,"featured_media":0,"parent":0,"menu_order":0,"comment_status":"closed","ping_status":"closed","template":"","meta":{"footnotes":""},"class_list":["post-357","page","type-page","status-publish","hentry","description-off"],"_links":{"self":[{"href":"https:\/\/alselfood.com\/index.php\/wp-json\/wp\/v2\/pages\/357","targetHints":{"allow":["GET"]}}],"collection":[{"href":"https:\/\/alselfood.com\/index.php\/wp-json\/wp\/v2\/pages"}],"about":[{"href":"https:\/\/alselfood.com\/index.php\/wp-json\/wp\/v2\/types\/page"}],"author":[{"embeddable":true,"href":"https:\/\/alselfood.com\/index.php\/wp-json\/wp\/v2\/users\/2"}],"replies":[{"embeddable":true,"href":"https:\/\/alselfood.com\/index.php\/wp-json\/wp\/v2\/comments?post=357"}],"version-history":[{"count":50,"href":"https:\/\/alselfood.com\/index.php\/wp-json\/wp\/v2\/pages\/357\/revisions"}],"predecessor-version":[{"id":1545,"href":"https:\/\/alselfood.com\/index.php\/wp-json\/wp\/v2\/pages\/357\/revisions\/1545"}],"wp:attachment":[{"href":"https:\/\/alselfood.com\/index.php\/wp-json\/wp\/v2\/media?parent=357"}],"curies":[{"name":"wp","href":"https:\/\/api.w.org\/{rel}","templated":true}]}}